{"id":999,"date":"2023-02-02T17:19:06","date_gmt":"2023-02-02T16:19:06","guid":{"rendered":"https:\/\/elisabethmasson.fr\/?page_id=999"},"modified":"2023-02-02T18:03:15","modified_gmt":"2023-02-02T17:03:15","slug":"sur-papier","status":"publish","type":"page","link":"https:\/\/elisabethmasson.fr\/index.php\/sur-papier\/","title":{"rendered":"SUR PAPIER"},"content":{"rendered":"\n<figure class=\"wp-block-gallery has-nested-images columns-default is-cropped wp-block-gallery-1 is-layout-flex wp-block-gallery-is-layout-flex\">\n<figure class=\"wp-block-image size-large\"><img loading=\"lazy\" decoding=\"async\" width=\"734\" height=\"1024\" data-id=\"958\" src=\"https:\/\/elisabethmasson.fr\/wp-content\/uploads\/2023\/02\/IMG_8312-734x1024.jpeg\" alt=\"\" class=\"wp-image-958\" srcset=\"https:\/\/elisabethmasson.fr\/wp-content\/uploads\/2023\/02\/IMG_8312-734x1024.jpeg 734w, https:\/\/elisabethmasson.fr\/wp-content\/uploads\/2023\/02\/IMG_8312-scaled-600x837.jpeg 600w, https:\/\/elisabethmasson.fr\/wp-content\/uploads\/2023\/02\/IMG_8312-215x300.jpeg 215w, https:\/\/elisabethmasson.fr\/wp-content\/uploads\/2023\/02\/IMG_8312-768x1071.jpeg 768w, https:\/\/elisabethmasson.fr\/wp-content\/uploads\/2023\/02\/IMG_8312-1101x1536.jpeg 1101w, https:\/\/elisabethmasson.fr\/wp-content\/uploads\/2023\/02\/IMG_8312-1469x2048.jpeg 1469w, https:\/\/elisabethmasson.fr\/wp-content\/uploads\/2023\/02\/IMG_8312-scaled.jpeg 1836w\" sizes=\"(max-width: 734px) 100vw, 734px\" \/><figcaption class=\"wp-element-caption\">1<\/figcaption><\/figure>\n\n\n\n<figure class=\"wp-block-image size-large\"><img loading=\"lazy\" decoding=\"async\" width=\"760\" height=\"1024\" data-id=\"960\" src=\"https:\/\/elisabethmasson.fr\/wp-content\/uploads\/2023\/02\/IMG_8317-760x1024.jpeg\" alt=\"\" class=\"wp-image-960\" srcset=\"https:\/\/elisabethmasson.fr\/wp-content\/uploads\/2023\/02\/IMG_8317-760x1024.jpeg 760w, https:\/\/elisabethmasson.fr\/wp-content\/uploads\/2023\/02\/IMG_8317-scaled-600x809.jpeg 600w, https:\/\/elisabethmasson.fr\/wp-content\/uploads\/2023\/02\/IMG_8317-223x300.jpeg 223w, https:\/\/elisabethmasson.fr\/wp-content\/uploads\/2023\/02\/IMG_8317-768x1035.jpeg 768w, https:\/\/elisabethmasson.fr\/wp-content\/uploads\/2023\/02\/IMG_8317-1139x1536.jpeg 1139w, https:\/\/elisabethmasson.fr\/wp-content\/uploads\/2023\/02\/IMG_8317-1519x2048.jpeg 1519w, https:\/\/elisabethmasson.fr\/wp-content\/uploads\/2023\/02\/IMG_8317-scaled.jpeg 1899w\" sizes=\"(max-width: 760px) 100vw, 760px\" \/><figcaption class=\"wp-element-caption\">2<\/figcaption><\/figure>\n\n\n\n<figure class=\"wp-block-image size-large\"><img loading=\"lazy\" decoding=\"async\" width=\"756\" height=\"1024\" data-id=\"959\" src=\"https:\/\/elisabethmasson.fr\/wp-content\/uploads\/2023\/02\/IMG_8314-756x1024.jpeg\" alt=\"\" class=\"wp-image-959\" srcset=\"https:\/\/elisabethmasson.fr\/wp-content\/uploads\/2023\/02\/IMG_8314-756x1024.jpeg 756w, https:\/\/elisabethmasson.fr\/wp-content\/uploads\/2023\/02\/IMG_8314-scaled-600x813.jpeg 600w, https:\/\/elisabethmasson.fr\/wp-content\/uploads\/2023\/02\/IMG_8314-222x300.jpeg 222w, https:\/\/elisabethmasson.fr\/wp-content\/uploads\/2023\/02\/IMG_8314-768x1040.jpeg 768w, https:\/\/elisabethmasson.fr\/wp-content\/uploads\/2023\/02\/IMG_8314-1134x1536.jpeg 1134w, https:\/\/elisabethmasson.fr\/wp-content\/uploads\/2023\/02\/IMG_8314-1512x2048.jpeg 1512w, https:\/\/elisabethmasson.fr\/wp-content\/uploads\/2023\/02\/IMG_8314-scaled.jpeg 1890w\" sizes=\"(max-width: 756px) 100vw, 756px\" \/><figcaption class=\"wp-element-caption\">3<\/figcaption><\/figure>\n<\/figure>\n\n\n\n<p class=\"has-text-color has-small-font-size\" style=\"color:#4a4848\"><strong>En for\u00eat<\/strong><\/p>\n\n\n\n<p class=\"has-text-color has-small-font-size\" style=\"color:#6c7680\">Encre sur papier &#8211; 15 x 20 cm sur papier de 18 x 24 cm <\/p>\n\n\n<div class=\"wp-block-image\">\n<figure class=\"alignright size-medium\"><img loading=\"lazy\" decoding=\"async\" width=\"300\" height=\"225\" src=\"https:\/\/elisabethmasson.fr\/wp-content\/uploads\/2023\/02\/IMG_8890-300x225.jpeg\" alt=\"\" class=\"wp-image-1000\" srcset=\"https:\/\/elisabethmasson.fr\/wp-content\/uploads\/2023\/02\/IMG_8890-300x225.jpeg 300w, https:\/\/elisabethmasson.fr\/wp-content\/uploads\/2023\/02\/IMG_8890-scaled-600x450.jpeg 600w, https:\/\/elisabethmasson.fr\/wp-content\/uploads\/2023\/02\/IMG_8890-1024x768.jpeg 1024w, https:\/\/elisabethmasson.fr\/wp-content\/uploads\/2023\/02\/IMG_8890-768x576.jpeg 768w, https:\/\/elisabethmasson.fr\/wp-content\/uploads\/2023\/02\/IMG_8890-1536x1152.jpeg 1536w, https:\/\/elisabethmasson.fr\/wp-content\/uploads\/2023\/02\/IMG_8890-2048x1536.jpeg 2048w\" sizes=\"(max-width: 300px) 100vw, 300px\" \/><\/figure><\/div>\n\n\n<p><\/p>\n\n\n\n<p><\/p>\n\n\n\n<p><\/p>\n\n\n\n<p><\/p>\n\n\n\n<p><\/p>\n\n\n\n<p><\/p>\n\n\n\n<div style=\"height:100px\" aria-hidden=\"true\" class=\"wp-block-spacer\"><\/div>\n\n\n\n<figure class=\"wp-block-gallery aligncenter has-nested-images columns-6 is-cropped wp-block-gallery-2 is-layout-flex wp-block-gallery-is-layout-flex\">\n<figure class=\"wp-block-image size-large\"><img loading=\"lazy\" decoding=\"async\" width=\"768\" height=\"1024\" data-id=\"729\" src=\"https:\/\/elisabethmasson.fr\/wp-content\/uploads\/2021\/09\/IMG_0756-768x1024.jpeg\" alt=\"\" class=\"wp-image-729\" srcset=\"https:\/\/elisabethmasson.fr\/wp-content\/uploads\/2021\/09\/IMG_0756-768x1024.jpeg 768w, https:\/\/elisabethmasson.fr\/wp-content\/uploads\/2021\/09\/IMG_0756-600x800.jpeg 600w, https:\/\/elisabethmasson.fr\/wp-content\/uploads\/2021\/09\/IMG_0756-225x300.jpeg 225w, https:\/\/elisabethmasson.fr\/wp-content\/uploads\/2021\/09\/IMG_0756-1152x1536.jpeg 1152w, https:\/\/elisabethmasson.fr\/wp-content\/uploads\/2021\/09\/IMG_0756-1536x2048.jpeg 1536w, https:\/\/elisabethmasson.fr\/wp-content\/uploads\/2021\/09\/IMG_0756-300x400.jpeg 300w, https:\/\/elisabethmasson.fr\/wp-content\/uploads\/2021\/09\/IMG_0756-scaled.jpeg 1920w\" sizes=\"(max-width: 768px) 100vw, 768px\" \/><\/figure>\n\n\n\n<figure class=\"wp-block-image size-large\"><img loading=\"lazy\" decoding=\"async\" width=\"768\" height=\"1024\" data-id=\"728\" src=\"https:\/\/elisabethmasson.fr\/wp-content\/uploads\/2021\/09\/IMG_0755-768x1024.jpeg\" alt=\"\" class=\"wp-image-728\" srcset=\"https:\/\/elisabethmasson.fr\/wp-content\/uploads\/2021\/09\/IMG_0755-768x1024.jpeg 768w, https:\/\/elisabethmasson.fr\/wp-content\/uploads\/2021\/09\/IMG_0755-600x800.jpeg 600w, https:\/\/elisabethmasson.fr\/wp-content\/uploads\/2021\/09\/IMG_0755-225x300.jpeg 225w, https:\/\/elisabethmasson.fr\/wp-content\/uploads\/2021\/09\/IMG_0755-1152x1536.jpeg 1152w, https:\/\/elisabethmasson.fr\/wp-content\/uploads\/2021\/09\/IMG_0755-1536x2048.jpeg 1536w, https:\/\/elisabethmasson.fr\/wp-content\/uploads\/2021\/09\/IMG_0755-300x400.jpeg 300w, https:\/\/elisabethmasson.fr\/wp-content\/uploads\/2021\/09\/IMG_0755-scaled.jpeg 1920w\" sizes=\"(max-width: 768px) 100vw, 768px\" \/><\/figure>\n\n\n\n<figure class=\"wp-block-image size-large\"><img loading=\"lazy\" decoding=\"async\" width=\"768\" height=\"1024\" data-id=\"1002\" src=\"https:\/\/elisabethmasson.fr\/wp-content\/uploads\/2023\/02\/IMG_0757-768x1024.jpeg\" alt=\"\" class=\"wp-image-1002\" srcset=\"https:\/\/elisabethmasson.fr\/wp-content\/uploads\/2023\/02\/IMG_0757-768x1024.jpeg 768w, https:\/\/elisabethmasson.fr\/wp-content\/uploads\/2023\/02\/IMG_0757-scaled-600x800.jpeg 600w, https:\/\/elisabethmasson.fr\/wp-content\/uploads\/2023\/02\/IMG_0757-225x300.jpeg 225w, https:\/\/elisabethmasson.fr\/wp-content\/uploads\/2023\/02\/IMG_0757-1152x1536.jpeg 1152w, https:\/\/elisabethmasson.fr\/wp-content\/uploads\/2023\/02\/IMG_0757-1536x2048.jpeg 1536w, https:\/\/elisabethmasson.fr\/wp-content\/uploads\/2023\/02\/IMG_0757-scaled.jpeg 1920w\" sizes=\"(max-width: 768px) 100vw, 768px\" \/><\/figure>\n<\/figure>\n\n\n\n<p class=\"has-text-color has-small-font-size\" style=\"color:#4a4848\"><strong>Fl\u00e2nerie de fin d&rsquo;\u00e9t\u00e9<\/strong> <\/p>\n\n\n\n<p class=\"has-text-color has-small-font-size\" style=\"color:#6c7680\"> S\u00e9rie &#8211; Gouache et crayon de couleur sur papier &#8211; 70 \u20ac pi\u00e8ce &#8211; 19 x 24 cm <\/p>\n\n\n\n<p><\/p>\n\n\n\n<div style=\"height:100px\" aria-hidden=\"true\" class=\"wp-block-spacer\"><\/div>\n\n\n\n<figure class=\"wp-block-gallery has-nested-images columns-default is-cropped wp-block-gallery-3 is-layout-flex wp-block-gallery-is-layout-flex\">\n<figure class=\"wp-block-image size-large\"><img loading=\"lazy\" decoding=\"async\" width=\"768\" height=\"1024\" data-id=\"763\" src=\"https:\/\/elisabethmasson.fr\/wp-content\/uploads\/2021\/09\/IMG_9912-768x1024.jpeg\" alt=\"\" class=\"wp-image-763\" srcset=\"https:\/\/elisabethmasson.fr\/wp-content\/uploads\/2021\/09\/IMG_9912-768x1024.jpeg 768w, https:\/\/elisabethmasson.fr\/wp-content\/uploads\/2021\/09\/IMG_9912-600x800.jpeg 600w, https:\/\/elisabethmasson.fr\/wp-content\/uploads\/2021\/09\/IMG_9912-225x300.jpeg 225w, https:\/\/elisabethmasson.fr\/wp-content\/uploads\/2021\/09\/IMG_9912-1152x1536.jpeg 1152w, https:\/\/elisabethmasson.fr\/wp-content\/uploads\/2021\/09\/IMG_9912-1536x2048.jpeg 1536w, https:\/\/elisabethmasson.fr\/wp-content\/uploads\/2021\/09\/IMG_9912-300x400.jpeg 300w, https:\/\/elisabethmasson.fr\/wp-content\/uploads\/2021\/09\/IMG_9912-scaled.jpeg 1920w\" sizes=\"(max-width: 768px) 100vw, 768px\" \/><\/figure>\n\n\n\n<figure class=\"wp-block-image size-large\"><img loading=\"lazy\" decoding=\"async\" width=\"768\" height=\"1024\" data-id=\"762\" src=\"https:\/\/elisabethmasson.fr\/wp-content\/uploads\/2021\/09\/IMG_9910-768x1024.jpeg\" alt=\"\" class=\"wp-image-762\" srcset=\"https:\/\/elisabethmasson.fr\/wp-content\/uploads\/2021\/09\/IMG_9910-768x1024.jpeg 768w, https:\/\/elisabethmasson.fr\/wp-content\/uploads\/2021\/09\/IMG_9910-600x800.jpeg 600w, https:\/\/elisabethmasson.fr\/wp-content\/uploads\/2021\/09\/IMG_9910-225x300.jpeg 225w, https:\/\/elisabethmasson.fr\/wp-content\/uploads\/2021\/09\/IMG_9910-1152x1536.jpeg 1152w, https:\/\/elisabethmasson.fr\/wp-content\/uploads\/2021\/09\/IMG_9910-1536x2048.jpeg 1536w, https:\/\/elisabethmasson.fr\/wp-content\/uploads\/2021\/09\/IMG_9910-300x400.jpeg 300w, https:\/\/elisabethmasson.fr\/wp-content\/uploads\/2021\/09\/IMG_9910-scaled.jpeg 1920w\" sizes=\"(max-width: 768px) 100vw, 768px\" \/><\/figure>\n\n\n\n<figure class=\"wp-block-image size-large\"><img loading=\"lazy\" decoding=\"async\" width=\"768\" height=\"1024\" data-id=\"760\" src=\"https:\/\/elisabethmasson.fr\/wp-content\/uploads\/2021\/09\/IMG_9911-768x1024.jpeg\" alt=\"Balade d'hiver \u00e0 Cysoing\" class=\"wp-image-760\" srcset=\"https:\/\/elisabethmasson.fr\/wp-content\/uploads\/2021\/09\/IMG_9911-768x1024.jpeg 768w, https:\/\/elisabethmasson.fr\/wp-content\/uploads\/2021\/09\/IMG_9911-600x800.jpeg 600w, https:\/\/elisabethmasson.fr\/wp-content\/uploads\/2021\/09\/IMG_9911-225x300.jpeg 225w, https:\/\/elisabethmasson.fr\/wp-content\/uploads\/2021\/09\/IMG_9911-1152x1536.jpeg 1152w, https:\/\/elisabethmasson.fr\/wp-content\/uploads\/2021\/09\/IMG_9911-1536x2048.jpeg 1536w, https:\/\/elisabethmasson.fr\/wp-content\/uploads\/2021\/09\/IMG_9911-300x400.jpeg 300w, https:\/\/elisabethmasson.fr\/wp-content\/uploads\/2021\/09\/IMG_9911-scaled.jpeg 1920w\" sizes=\"(max-width: 768px) 100vw, 768px\" \/><\/figure>\n<\/figure>\n\n\n\n<p class=\"has-text-color has-small-font-size\" style=\"color:#4a4848\">Errances hivernales <\/p>\n\n\n\n<p class=\"has-text-color has-small-font-size\" style=\"color:#6c7680\"> S\u00e9rie &#8211; Pastel et crayon de couleur sur papier &#8211; 21 x 29 cm <\/p>\n\n\n\n<div style=\"height:100px\" aria-hidden=\"true\" class=\"wp-block-spacer\"><\/div>\n\n\n\n<p><\/p>\n\n\n\n<figure class=\"wp-block-gallery has-nested-images columns-default is-cropped wp-block-gallery-4 is-layout-flex wp-block-gallery-is-layout-flex\">\n<figure class=\"wp-block-image size-large\"><img loading=\"lazy\" decoding=\"async\" width=\"768\" height=\"1024\" data-id=\"787\" src=\"https:\/\/elisabethmasson.fr\/wp-content\/uploads\/2021\/09\/IMG_2368-768x1024.jpeg\" alt=\"\" class=\"wp-image-787\" srcset=\"https:\/\/elisabethmasson.fr\/wp-content\/uploads\/2021\/09\/IMG_2368-768x1024.jpeg 768w, https:\/\/elisabethmasson.fr\/wp-content\/uploads\/2021\/09\/IMG_2368-600x800.jpeg 600w, https:\/\/elisabethmasson.fr\/wp-content\/uploads\/2021\/09\/IMG_2368-225x300.jpeg 225w, https:\/\/elisabethmasson.fr\/wp-content\/uploads\/2021\/09\/IMG_2368-1152x1536.jpeg 1152w, https:\/\/elisabethmasson.fr\/wp-content\/uploads\/2021\/09\/IMG_2368-1536x2048.jpeg 1536w, https:\/\/elisabethmasson.fr\/wp-content\/uploads\/2021\/09\/IMG_2368-300x400.jpeg 300w, https:\/\/elisabethmasson.fr\/wp-content\/uploads\/2021\/09\/IMG_2368-scaled.jpeg 1920w\" sizes=\"(max-width: 768px) 100vw, 768px\" \/><\/figure>\n\n\n\n<figure class=\"wp-block-image size-large\"><img loading=\"lazy\" decoding=\"async\" width=\"768\" height=\"1024\" data-id=\"786\" src=\"https:\/\/elisabethmasson.fr\/wp-content\/uploads\/2021\/09\/IMG_2369-768x1024.jpeg\" alt=\"\" class=\"wp-image-786\" srcset=\"https:\/\/elisabethmasson.fr\/wp-content\/uploads\/2021\/09\/IMG_2369-768x1024.jpeg 768w, https:\/\/elisabethmasson.fr\/wp-content\/uploads\/2021\/09\/IMG_2369-600x800.jpeg 600w, https:\/\/elisabethmasson.fr\/wp-content\/uploads\/2021\/09\/IMG_2369-225x300.jpeg 225w, https:\/\/elisabethmasson.fr\/wp-content\/uploads\/2021\/09\/IMG_2369-1152x1536.jpeg 1152w, https:\/\/elisabethmasson.fr\/wp-content\/uploads\/2021\/09\/IMG_2369-1536x2048.jpeg 1536w, https:\/\/elisabethmasson.fr\/wp-content\/uploads\/2021\/09\/IMG_2369-300x400.jpeg 300w, https:\/\/elisabethmasson.fr\/wp-content\/uploads\/2021\/09\/IMG_2369-scaled.jpeg 1920w\" sizes=\"(max-width: 768px) 100vw, 768px\" \/><\/figure>\n\n\n\n<figure class=\"wp-block-image size-large\"><img loading=\"lazy\" decoding=\"async\" width=\"768\" height=\"1024\" data-id=\"789\" src=\"https:\/\/elisabethmasson.fr\/wp-content\/uploads\/2021\/09\/IMG_2371-768x1024.jpeg\" alt=\"\" class=\"wp-image-789\" srcset=\"https:\/\/elisabethmasson.fr\/wp-content\/uploads\/2021\/09\/IMG_2371-768x1024.jpeg 768w, https:\/\/elisabethmasson.fr\/wp-content\/uploads\/2021\/09\/IMG_2371-600x800.jpeg 600w, https:\/\/elisabethmasson.fr\/wp-content\/uploads\/2021\/09\/IMG_2371-225x300.jpeg 225w, https:\/\/elisabethmasson.fr\/wp-content\/uploads\/2021\/09\/IMG_2371-1152x1536.jpeg 1152w, https:\/\/elisabethmasson.fr\/wp-content\/uploads\/2021\/09\/IMG_2371-1536x2048.jpeg 1536w, https:\/\/elisabethmasson.fr\/wp-content\/uploads\/2021\/09\/IMG_2371-300x400.jpeg 300w, https:\/\/elisabethmasson.fr\/wp-content\/uploads\/2021\/09\/IMG_2371-scaled.jpeg 1920w\" sizes=\"(max-width: 768px) 100vw, 768px\" \/><\/figure>\n<\/figure>\n\n\n\n<p class=\"has-text-color has-small-font-size\" style=\"color:#4a4848\">Herbes folles<\/p>\n\n\n\n<p class=\"has-text-color has-small-font-size\" style=\"color:#6c7680\"> S\u00e9rie &#8211; Encre sur carton &#8211; 50 x 65 cm <\/p>\n\n\n\n<p><\/p>\n","protected":false},"excerpt":{"rendered":"<p>En for\u00eat Encre sur papier &#8211; 15 x 20 cm sur papier de 18 x 24 cm Fl\u00e2nerie de fin d&rsquo;\u00e9t\u00e9 S\u00e9rie &#8211; Gouache et crayon de couleur sur papier &#8211; 70 \u20ac pi\u00e8ce &#8211; 19 x 24 cm Errances hivernales S\u00e9rie &#8211; Pastel et crayon de couleur sur papier &#8211; 21 x 29 cm [&hellip;]<\/p>\n","protected":false},"author":1,"featured_media":0,"parent":0,"menu_order":0,"comment_status":"closed","ping_status":"closed","template":"","meta":{"footnotes":""},"yoast_head":"<!-- This site is optimized with the Yoast SEO plugin v21.7 - https:\/\/yoast.com\/wordpress\/plugins\/seo\/ -->\n<title>SUR PAPIER - Elisabeth MASSON<\/title>\n<meta name=\"robots\" content=\"index, follow, max-snippet:-1, max-image-preview:large, max-video-preview:-1\" \/>\n<link rel=\"canonical\" href=\"https:\/\/elisabethmasson.fr\/index.php\/sur-papier\/\" \/>\n<meta property=\"og:locale\" content=\"fr_FR\" \/>\n<meta property=\"og:type\" content=\"article\" \/>\n<meta property=\"og:title\" content=\"SUR PAPIER - Elisabeth MASSON\" \/>\n<meta property=\"og:description\" content=\"En for\u00eat Encre sur papier &#8211; 15 x 20 cm sur papier de 18 x 24 cm Fl\u00e2nerie de fin d&rsquo;\u00e9t\u00e9 S\u00e9rie &#8211; Gouache et crayon de couleur sur papier &#8211; 70 \u20ac pi\u00e8ce &#8211; 19 x 24 cm Errances hivernales S\u00e9rie &#8211; Pastel et crayon de couleur sur papier &#8211; 21 x 29 cm [&hellip;]\" \/>\n<meta property=\"og:url\" content=\"https:\/\/elisabethmasson.fr\/index.php\/sur-papier\/\" \/>\n<meta property=\"og:site_name\" content=\"Elisabeth MASSON\" \/>\n<meta property=\"article:publisher\" content=\"https:\/\/www.facebook.com\/elisabethmassonpeinture\/\" \/>\n<meta property=\"article:modified_time\" content=\"2023-02-02T17:03:15+00:00\" \/>\n<meta property=\"og:image\" content=\"https:\/\/elisabethmasson.fr\/wp-content\/uploads\/2023\/02\/IMG_8312-734x1024.jpeg\" \/>\n<meta name=\"twitter:card\" content=\"summary_large_image\" \/>\n<meta name=\"twitter:label1\" content=\"Dur\u00e9e de lecture estim\u00e9e\" \/>\n\t<meta name=\"twitter:data1\" content=\"3 minutes\" \/>\n<script type=\"application\/ld+json\" class=\"yoast-schema-graph\">{\"@context\":\"https:\/\/schema.org\",\"@graph\":[{\"@type\":\"WebPage\",\"@id\":\"https:\/\/elisabethmasson.fr\/index.php\/sur-papier\/\",\"url\":\"https:\/\/elisabethmasson.fr\/index.php\/sur-papier\/\",\"name\":\"SUR PAPIER - Elisabeth MASSON\",\"isPartOf\":{\"@id\":\"https:\/\/elisabethmasson.fr\/#website\"},\"datePublished\":\"2023-02-02T16:19:06+00:00\",\"dateModified\":\"2023-02-02T17:03:15+00:00\",\"breadcrumb\":{\"@id\":\"https:\/\/elisabethmasson.fr\/index.php\/sur-papier\/#breadcrumb\"},\"inLanguage\":\"fr-FR\",\"potentialAction\":[{\"@type\":\"ReadAction\",\"target\":[\"https:\/\/elisabethmasson.fr\/index.php\/sur-papier\/\"]}]},{\"@type\":\"BreadcrumbList\",\"@id\":\"https:\/\/elisabethmasson.fr\/index.php\/sur-papier\/#breadcrumb\",\"itemListElement\":[{\"@type\":\"ListItem\",\"position\":1,\"name\":\"Accueil\",\"item\":\"https:\/\/elisabethmasson.fr\/\"},{\"@type\":\"ListItem\",\"position\":2,\"name\":\"SUR PAPIER\"}]},{\"@type\":\"WebSite\",\"@id\":\"https:\/\/elisabethmasson.fr\/#website\",\"url\":\"https:\/\/elisabethmasson.fr\/\",\"name\":\"Elisabeth MASSON\",\"description\":\"Art\",\"potentialAction\":[{\"@type\":\"SearchAction\",\"target\":{\"@type\":\"EntryPoint\",\"urlTemplate\":\"https:\/\/elisabethmasson.fr\/?s={search_term_string}\"},\"query-input\":\"required name=search_term_string\"}],\"inLanguage\":\"fr-FR\"}]}<\/script>\n<!-- \/ Yoast SEO plugin. -->","yoast_head_json":{"title":"SUR PAPIER - Elisabeth MASSON","robots":{"index":"index","follow":"follow","max-snippet":"max-snippet:-1","max-image-preview":"max-image-preview:large","max-video-preview":"max-video-preview:-1"},"canonical":"https:\/\/elisabethmasson.fr\/index.php\/sur-papier\/","og_locale":"fr_FR","og_type":"article","og_title":"SUR PAPIER - Elisabeth MASSON","og_description":"En for\u00eat Encre sur papier &#8211; 15 x 20 cm sur papier de 18 x 24 cm Fl\u00e2nerie de fin d&rsquo;\u00e9t\u00e9 S\u00e9rie &#8211; Gouache et crayon de couleur sur papier &#8211; 70 \u20ac pi\u00e8ce &#8211; 19 x 24 cm Errances hivernales S\u00e9rie &#8211; Pastel et crayon de couleur sur papier &#8211; 21 x 29 cm [&hellip;]","og_url":"https:\/\/elisabethmasson.fr\/index.php\/sur-papier\/","og_site_name":"Elisabeth MASSON","article_publisher":"https:\/\/www.facebook.com\/elisabethmassonpeinture\/","article_modified_time":"2023-02-02T17:03:15+00:00","og_image":[{"url":"https:\/\/elisabethmasson.fr\/wp-content\/uploads\/2023\/02\/IMG_8312-734x1024.jpeg"}],"twitter_card":"summary_large_image","twitter_misc":{"Dur\u00e9e de lecture estim\u00e9e":"3 minutes"},"schema":{"@context":"https:\/\/schema.org","@graph":[{"@type":"WebPage","@id":"https:\/\/elisabethmasson.fr\/index.php\/sur-papier\/","url":"https:\/\/elisabethmasson.fr\/index.php\/sur-papier\/","name":"SUR PAPIER - Elisabeth MASSON","isPartOf":{"@id":"https:\/\/elisabethmasson.fr\/#website"},"datePublished":"2023-02-02T16:19:06+00:00","dateModified":"2023-02-02T17:03:15+00:00","breadcrumb":{"@id":"https:\/\/elisabethmasson.fr\/index.php\/sur-papier\/#breadcrumb"},"inLanguage":"fr-FR","potentialAction":[{"@type":"ReadAction","target":["https:\/\/elisabethmasson.fr\/index.php\/sur-papier\/"]}]},{"@type":"BreadcrumbList","@id":"https:\/\/elisabethmasson.fr\/index.php\/sur-papier\/#breadcrumb","itemListElement":[{"@type":"ListItem","position":1,"name":"Accueil","item":"https:\/\/elisabethmasson.fr\/"},{"@type":"ListItem","position":2,"name":"SUR PAPIER"}]},{"@type":"WebSite","@id":"https:\/\/elisabethmasson.fr\/#website","url":"https:\/\/elisabethmasson.fr\/","name":"Elisabeth MASSON","description":"Art","potentialAction":[{"@type":"SearchAction","target":{"@type":"EntryPoint","urlTemplate":"https:\/\/elisabethmasson.fr\/?s={search_term_string}"},"query-input":"required name=search_term_string"}],"inLanguage":"fr-FR"}]}},"_links":{"self":[{"href":"https:\/\/elisabethmasson.fr\/index.php\/wp-json\/wp\/v2\/pages\/999"}],"collection":[{"href":"https:\/\/elisabethmasson.fr\/index.php\/wp-json\/wp\/v2\/pages"}],"about":[{"href":"https:\/\/elisabethmasson.fr\/index.php\/wp-json\/wp\/v2\/types\/page"}],"author":[{"embeddable":true,"href":"https:\/\/elisabethmasson.fr\/index.php\/wp-json\/wp\/v2\/users\/1"}],"replies":[{"embeddable":true,"href":"https:\/\/elisabethmasson.fr\/index.php\/wp-json\/wp\/v2\/comments?post=999"}],"version-history":[{"count":4,"href":"https:\/\/elisabethmasson.fr\/index.php\/wp-json\/wp\/v2\/pages\/999\/revisions"}],"predecessor-version":[{"id":1021,"href":"https:\/\/elisabethmasson.fr\/index.php\/wp-json\/wp\/v2\/pages\/999\/revisions\/1021"}],"wp:attachment":[{"href":"https:\/\/elisabethmasson.fr\/index.php\/wp-json\/wp\/v2\/media?parent=999"}],"curies":[{"name":"wp","href":"https:\/\/api.w.org\/{rel}","templated":true}]}}