{"id":870,"date":"2022-02-11T16:43:41","date_gmt":"2022-02-11T15:43:41","guid":{"rendered":"https:\/\/elisabethmasson.fr\/?page_id=870"},"modified":"2023-02-02T09:51:33","modified_gmt":"2023-02-02T08:51:33","slug":"inscription-a-la-newsletter","status":"publish","type":"page","link":"https:\/\/elisabethmasson.fr\/index.php\/inscription-a-la-newsletter\/","title":{"rendered":"Inscription \u00e0 la Newsletter"},"content":{"rendered":"\n<p>Si vous souhaitez recevoir le planning des ateliers mis \u00e0 jour, les invitations aux \u00e9v\u00e9nements, les lieux d&rsquo;expositions et des nouvelles de temps en temps c&rsquo;est ici : <\/p>\n\n\n\n<p><\/p>\n\n\n<script>(function() {\n\twindow.mc4wp = window.mc4wp || {\n\t\tlisteners: [],\n\t\tforms: {\n\t\t\ton: function(evt, cb) {\n\t\t\t\twindow.mc4wp.listeners.push(\n\t\t\t\t\t{\n\t\t\t\t\t\tevent   : evt,\n\t\t\t\t\t\tcallback: cb\n\t\t\t\t\t}\n\t\t\t\t);\n\t\t\t}\n\t\t}\n\t}\n})();\n<\/script><!-- Mailchimp for WordPress v4.9.0 - https:\/\/wordpress.org\/plugins\/mailchimp-for-wp\/ --><form id=\"mc4wp-form-1\" class=\"mc4wp-form mc4wp-form-867\" method=\"post\" data-id=\"867\" data-name=\"Inscription \u00e0 la Newsletter\" ><div class=\"mc4wp-form-fields\"><p>\r\n    <label>Pr\u00e9nom<\/label>\r\n    <input type=\"text\" name=\"PRNOM\" required=\"\">\r\n<\/p>\r\n<p>\r\n    <label>Nom<\/label>\r\n    <input type=\"text\" name=\"NOM\" required=\"\">\r\n<\/p>\r\n<p>\r\n    <label>Phone Number<\/label>\r\n    <input type=\"tel\" name=\"PHONE\">\r\n<\/p>\r\n<p>\r\n\t<label>Adresse de courrier \u00e9lectronique: \r\n\t\t<input type=\"email\" name=\"EMAIL\" placeholder=\"Votre adresse de courrier \u00e9lectronique\" required \/>\r\n<\/label>\r\n<\/p>\r\n\r\n<p>\r\n\t<input type=\"submit\" value=\"Abonnez-vous\" \/>\r\n<\/p><\/div><label style=\"display: none !important;\">Laissez ce champ vide si vous \u00eates humain\u00a0: <input type=\"text\" name=\"_mc4wp_honeypot\" value=\"\" tabindex=\"-1\" autocomplete=\"off\" \/><\/label><input type=\"hidden\" name=\"_mc4wp_timestamp\" value=\"1777731426\" \/><input type=\"hidden\" name=\"_mc4wp_form_id\" value=\"867\" \/><input type=\"hidden\" name=\"_mc4wp_form_element_id\" value=\"mc4wp-form-1\" \/><div class=\"mc4wp-response\"><\/div><\/form><!-- \/ Mailchimp for WordPress Plugin -->\n\n\n<p><em><strong>Une fois le formulaire compl\u00e9t\u00e9, vous recevez un mail pour confirmer votre inscription. N&rsquo;oubliez pas de le valider afin que votre inscription soit bien prise en compte.<\/strong><\/em> <em><strong>Pensez \u00e0 v\u00e9rifier vos spams.<\/strong><\/em><\/p>\n\n\n\n<p>Vous pouvez aussi m&rsquo;\u00e9crire \u00e0 <a href=\"mailto:contact@elisabethmasson.fr\">contact@elisabethmasson.fr<\/a><\/p>\n\n\n\n<p>Visite de l&rsquo;atelier sur RDV.<\/p>\n\n\n\n<p><\/p>\n","protected":false},"excerpt":{"rendered":"<p>Si vous souhaitez recevoir le planning des ateliers mis \u00e0 jour, les invitations aux \u00e9v\u00e9nements, les lieux d&rsquo;expositions et des nouvelles de temps en temps c&rsquo;est ici : Une fois le formulaire compl\u00e9t\u00e9, vous recevez un mail pour confirmer votre inscription. N&rsquo;oubliez pas de le valider afin que votre inscription soit bien prise en compte. [&hellip;]<\/p>\n","protected":false},"author":1,"featured_media":0,"parent":0,"menu_order":0,"comment_status":"closed","ping_status":"closed","template":"","meta":{"footnotes":""},"yoast_head":"<!-- This site is optimized with the Yoast SEO plugin v21.7 - https:\/\/yoast.com\/wordpress\/plugins\/seo\/ -->\n<title>Inscription \u00e0 la Newsletter - Elisabeth MASSON<\/title>\n<meta name=\"robots\" content=\"index, follow, max-snippet:-1, max-image-preview:large, max-video-preview:-1\" \/>\n<link rel=\"canonical\" href=\"https:\/\/elisabethmasson.fr\/index.php\/inscription-a-la-newsletter\/\" \/>\n<meta property=\"og:locale\" content=\"fr_FR\" \/>\n<meta property=\"og:type\" content=\"article\" \/>\n<meta property=\"og:title\" content=\"Inscription \u00e0 la Newsletter - Elisabeth MASSON\" \/>\n<meta property=\"og:description\" content=\"Si vous souhaitez recevoir le planning des ateliers mis \u00e0 jour, les invitations aux \u00e9v\u00e9nements, les lieux d&rsquo;expositions et des nouvelles de temps en temps c&rsquo;est ici : Une fois le formulaire compl\u00e9t\u00e9, vous recevez un mail pour confirmer votre inscription. N&rsquo;oubliez pas de le valider afin que votre inscription soit bien prise en compte. [&hellip;]\" \/>\n<meta property=\"og:url\" content=\"https:\/\/elisabethmasson.fr\/index.php\/inscription-a-la-newsletter\/\" \/>\n<meta property=\"og:site_name\" content=\"Elisabeth MASSON\" \/>\n<meta property=\"article:publisher\" content=\"https:\/\/www.facebook.com\/elisabethmassonpeinture\/\" \/>\n<meta property=\"article:modified_time\" content=\"2023-02-02T08:51:33+00:00\" \/>\n<meta name=\"twitter:card\" content=\"summary_large_image\" \/>\n<meta name=\"twitter:label1\" content=\"Dur\u00e9e de lecture estim\u00e9e\" \/>\n\t<meta name=\"twitter:data1\" content=\"1 minute\" \/>\n<script type=\"application\/ld+json\" class=\"yoast-schema-graph\">{\"@context\":\"https:\/\/schema.org\",\"@graph\":[{\"@type\":\"WebPage\",\"@id\":\"https:\/\/elisabethmasson.fr\/index.php\/inscription-a-la-newsletter\/\",\"url\":\"https:\/\/elisabethmasson.fr\/index.php\/inscription-a-la-newsletter\/\",\"name\":\"Inscription \u00e0 la Newsletter - Elisabeth MASSON\",\"isPartOf\":{\"@id\":\"https:\/\/elisabethmasson.fr\/#website\"},\"datePublished\":\"2022-02-11T15:43:41+00:00\",\"dateModified\":\"2023-02-02T08:51:33+00:00\",\"breadcrumb\":{\"@id\":\"https:\/\/elisabethmasson.fr\/index.php\/inscription-a-la-newsletter\/#breadcrumb\"},\"inLanguage\":\"fr-FR\",\"potentialAction\":[{\"@type\":\"ReadAction\",\"target\":[\"https:\/\/elisabethmasson.fr\/index.php\/inscription-a-la-newsletter\/\"]}]},{\"@type\":\"BreadcrumbList\",\"@id\":\"https:\/\/elisabethmasson.fr\/index.php\/inscription-a-la-newsletter\/#breadcrumb\",\"itemListElement\":[{\"@type\":\"ListItem\",\"position\":1,\"name\":\"Accueil\",\"item\":\"https:\/\/elisabethmasson.fr\/\"},{\"@type\":\"ListItem\",\"position\":2,\"name\":\"Inscription \u00e0 la Newsletter\"}]},{\"@type\":\"WebSite\",\"@id\":\"https:\/\/elisabethmasson.fr\/#website\",\"url\":\"https:\/\/elisabethmasson.fr\/\",\"name\":\"Elisabeth MASSON\",\"description\":\"Art\",\"potentialAction\":[{\"@type\":\"SearchAction\",\"target\":{\"@type\":\"EntryPoint\",\"urlTemplate\":\"https:\/\/elisabethmasson.fr\/?s={search_term_string}\"},\"query-input\":\"required name=search_term_string\"}],\"inLanguage\":\"fr-FR\"}]}<\/script>\n<!-- \/ Yoast SEO plugin. -->","yoast_head_json":{"title":"Inscription \u00e0 la Newsletter - Elisabeth MASSON","robots":{"index":"index","follow":"follow","max-snippet":"max-snippet:-1","max-image-preview":"max-image-preview:large","max-video-preview":"max-video-preview:-1"},"canonical":"https:\/\/elisabethmasson.fr\/index.php\/inscription-a-la-newsletter\/","og_locale":"fr_FR","og_type":"article","og_title":"Inscription \u00e0 la Newsletter - Elisabeth MASSON","og_description":"Si vous souhaitez recevoir le planning des ateliers mis \u00e0 jour, les invitations aux \u00e9v\u00e9nements, les lieux d&rsquo;expositions et des nouvelles de temps en temps c&rsquo;est ici : Une fois le formulaire compl\u00e9t\u00e9, vous recevez un mail pour confirmer votre inscription. N&rsquo;oubliez pas de le valider afin que votre inscription soit bien prise en compte. [&hellip;]","og_url":"https:\/\/elisabethmasson.fr\/index.php\/inscription-a-la-newsletter\/","og_site_name":"Elisabeth MASSON","article_publisher":"https:\/\/www.facebook.com\/elisabethmassonpeinture\/","article_modified_time":"2023-02-02T08:51:33+00:00","twitter_card":"summary_large_image","twitter_misc":{"Dur\u00e9e de lecture estim\u00e9e":"1 minute"},"schema":{"@context":"https:\/\/schema.org","@graph":[{"@type":"WebPage","@id":"https:\/\/elisabethmasson.fr\/index.php\/inscription-a-la-newsletter\/","url":"https:\/\/elisabethmasson.fr\/index.php\/inscription-a-la-newsletter\/","name":"Inscription \u00e0 la Newsletter - Elisabeth MASSON","isPartOf":{"@id":"https:\/\/elisabethmasson.fr\/#website"},"datePublished":"2022-02-11T15:43:41+00:00","dateModified":"2023-02-02T08:51:33+00:00","breadcrumb":{"@id":"https:\/\/elisabethmasson.fr\/index.php\/inscription-a-la-newsletter\/#breadcrumb"},"inLanguage":"fr-FR","potentialAction":[{"@type":"ReadAction","target":["https:\/\/elisabethmasson.fr\/index.php\/inscription-a-la-newsletter\/"]}]},{"@type":"BreadcrumbList","@id":"https:\/\/elisabethmasson.fr\/index.php\/inscription-a-la-newsletter\/#breadcrumb","itemListElement":[{"@type":"ListItem","position":1,"name":"Accueil","item":"https:\/\/elisabethmasson.fr\/"},{"@type":"ListItem","position":2,"name":"Inscription \u00e0 la Newsletter"}]},{"@type":"WebSite","@id":"https:\/\/elisabethmasson.fr\/#website","url":"https:\/\/elisabethmasson.fr\/","name":"Elisabeth MASSON","description":"Art","potentialAction":[{"@type":"SearchAction","target":{"@type":"EntryPoint","urlTemplate":"https:\/\/elisabethmasson.fr\/?s={search_term_string}"},"query-input":"required name=search_term_string"}],"inLanguage":"fr-FR"}]}},"_links":{"self":[{"href":"https:\/\/elisabethmasson.fr\/index.php\/wp-json\/wp\/v2\/pages\/870"}],"collection":[{"href":"https:\/\/elisabethmasson.fr\/index.php\/wp-json\/wp\/v2\/pages"}],"about":[{"href":"https:\/\/elisabethmasson.fr\/index.php\/wp-json\/wp\/v2\/types\/page"}],"author":[{"embeddable":true,"href":"https:\/\/elisabethmasson.fr\/index.php\/wp-json\/wp\/v2\/users\/1"}],"replies":[{"embeddable":true,"href":"https:\/\/elisabethmasson.fr\/index.php\/wp-json\/wp\/v2\/comments?post=870"}],"version-history":[{"count":7,"href":"https:\/\/elisabethmasson.fr\/index.php\/wp-json\/wp\/v2\/pages\/870\/revisions"}],"predecessor-version":[{"id":963,"href":"https:\/\/elisabethmasson.fr\/index.php\/wp-json\/wp\/v2\/pages\/870\/revisions\/963"}],"wp:attachment":[{"href":"https:\/\/elisabethmasson.fr\/index.php\/wp-json\/wp\/v2\/media?parent=870"}],"curies":[{"name":"wp","href":"https:\/\/api.w.org\/{rel}","templated":true}]}}