{"id":253,"date":"2018-07-21T20:31:36","date_gmt":"2018-07-21T18:31:36","guid":{"rendered":"http:\/\/elisabethmasson.fr\/?page_id=253"},"modified":"2023-02-02T19:06:49","modified_gmt":"2023-02-02T18:06:49","slug":"peintures","status":"publish","type":"page","link":"https:\/\/elisabethmasson.fr\/index.php\/peintures\/","title":{"rendered":"Portfolio"},"content":{"rendered":"\n<div class=\"wp-block-columns is-layout-flex wp-container-core-columns-layout-1 wp-block-columns-is-layout-flex\">\n<div class=\"wp-block-column is-layout-flow wp-block-column-is-layout-flow\"><\/div>\n<\/div>\n\n\n\n<div class=\"wp-block-columns alignfull is-layout-flex wp-container-core-columns-layout-3 wp-block-columns-is-layout-flex\">\n<div class=\"wp-block-column is-layout-flow wp-block-column-is-layout-flow\" style=\"flex-basis:50%\">\n<div class=\"wp-block-cover is-light\" style=\"min-height:600px\"><span aria-hidden=\"true\" class=\"wp-block-cover__background has-background-dim-100 has-background-dim\" style=\"background-color:#f6f6f6\"><\/span><div class=\"wp-block-cover__inner-container is-layout-flow wp-block-cover-is-layout-flow\"><div class=\"wp-block-image\">\n<figure class=\"aligncenter size-full\"><img loading=\"lazy\" decoding=\"async\" width=\"512\" height=\"512\" src=\"https:\/\/elisabethmasson.fr\/wp-content\/uploads\/2023\/02\/cropped-IMG_6601-scaled-1.jpeg\" alt=\"\" class=\"wp-image-973\" srcset=\"https:\/\/elisabethmasson.fr\/wp-content\/uploads\/2023\/02\/cropped-IMG_6601-scaled-1.jpeg 512w, https:\/\/elisabethmasson.fr\/wp-content\/uploads\/2023\/02\/cropped-IMG_6601-scaled-1-300x300.jpeg 300w, https:\/\/elisabethmasson.fr\/wp-content\/uploads\/2023\/02\/cropped-IMG_6601-scaled-1-150x150.jpeg 150w, https:\/\/elisabethmasson.fr\/wp-content\/uploads\/2023\/02\/cropped-IMG_6601-scaled-1-100x100.jpeg 100w, https:\/\/elisabethmasson.fr\/wp-content\/uploads\/2023\/02\/cropped-IMG_6601-scaled-1-270x270.jpeg 270w, https:\/\/elisabethmasson.fr\/wp-content\/uploads\/2023\/02\/cropped-IMG_6601-scaled-1-192x192.jpeg 192w, https:\/\/elisabethmasson.fr\/wp-content\/uploads\/2023\/02\/cropped-IMG_6601-scaled-1-180x180.jpeg 180w, https:\/\/elisabethmasson.fr\/wp-content\/uploads\/2023\/02\/cropped-IMG_6601-scaled-1-32x32.jpeg 32w\" sizes=\"(max-width: 512px) 100vw, 512px\" \/><\/figure><\/div><\/div><\/div>\n<\/div>\n\n\n\n<div class=\"wp-block-column is-vertically-aligned-center is-layout-flow wp-block-column-is-layout-flow\" style=\"padding-top:1em;padding-right:1em;padding-bottom:1em;padding-left:1em\">\n<div class=\"wp-block-columns is-layout-flex wp-container-core-columns-layout-2 wp-block-columns-is-layout-flex\">\n<div class=\"wp-block-column is-layout-flow wp-block-column-is-layout-flow\" style=\"flex-basis:320px\">\n<p class=\"has-small-font-size\" style=\"line-height:1.6\"><strong>Evasion<\/strong><\/p>\n\n\n\n<p class=\"has-small-font-size\" style=\"line-height:1.6\">S\u00e9rie de toile r\u00e9alis\u00e9e \u00e0 l&rsquo;Encre et \u00e0 la peinture \u00e0 l&rsquo;huile. Ces toiles sont des cheminements. L&rsquo;encre pos\u00e9e sur la toile laisse des traces et des effets qui ouvrent le chemin du pinceau. La pens\u00e9e et la r\u00eaverie le guide. On s&rsquo;\u00e9vade. La toile prend forme au fil du temps et comme la terre au printemps laisse \u00e9clore ses premi\u00e8res fleurs. La nature reprend ses droits.  <\/p>\n<\/div>\n<\/div>\n\n\n\n<div class=\"wp-block-buttons is-layout-flex wp-block-buttons-is-layout-flex\">\n<div class=\"wp-block-button\"><a class=\"wp-block-button__link has-white-color has-text-color has-background wp-element-button\" href=\"https:\/\/elisabethmasson.fr\/index.php\/sur-toile\/\" style=\"border-radius:0px;background-color:#d75454\">D\u00e9couvrir<\/a><\/div>\n<\/div>\n<\/div>\n<\/div>\n\n\n\n<div class=\"wp-block-columns alignfull has-white-color has-text-color is-layout-flex wp-container-core-columns-layout-5 wp-block-columns-is-layout-flex\">\n<div class=\"wp-block-column is-layout-flow wp-block-column-is-layout-flow\" style=\"flex-basis:50%\">\n<div class=\"wp-block-cover is-light\" style=\"min-height:600px\"><span aria-hidden=\"true\" class=\"wp-block-cover__background has-background-dim-100 has-background-dim\" style=\"background-color:#f6f6f6\"><\/span><div class=\"wp-block-cover__inner-container is-layout-flow wp-block-cover-is-layout-flow\"><div class=\"wp-block-image\">\n<figure class=\"aligncenter size-large\"><img loading=\"lazy\" decoding=\"async\" width=\"840\" height=\"1024\" src=\"https:\/\/elisabethmasson.fr\/wp-content\/uploads\/2021\/09\/IMG_0813-840x1024.jpeg\" alt=\"Par\u00e9idolie - huile sur toile\" class=\"wp-image-737\" srcset=\"https:\/\/elisabethmasson.fr\/wp-content\/uploads\/2021\/09\/IMG_0813-840x1024.jpeg 840w, https:\/\/elisabethmasson.fr\/wp-content\/uploads\/2021\/09\/IMG_0813-600x732.jpeg 600w, https:\/\/elisabethmasson.fr\/wp-content\/uploads\/2021\/09\/IMG_0813-246x300.jpeg 246w, https:\/\/elisabethmasson.fr\/wp-content\/uploads\/2021\/09\/IMG_0813-768x936.jpeg 768w, https:\/\/elisabethmasson.fr\/wp-content\/uploads\/2021\/09\/IMG_0813-1260x1536.jpeg 1260w, https:\/\/elisabethmasson.fr\/wp-content\/uploads\/2021\/09\/IMG_0813-1680x2048.jpeg 1680w, https:\/\/elisabethmasson.fr\/wp-content\/uploads\/2021\/09\/IMG_0813-300x366.jpeg 300w\" sizes=\"(max-width: 840px) 100vw, 840px\" \/><\/figure><\/div><\/div><\/div>\n<\/div>\n\n\n\n<div class=\"wp-block-column is-vertically-aligned-center is-layout-flow wp-block-column-is-layout-flow\" style=\"padding-top:1em;padding-right:1em;padding-bottom:1em;padding-left:1em\">\n<div class=\"wp-block-columns has-cyan-bluish-gray-color has-text-color is-layout-flex wp-container-core-columns-layout-4 wp-block-columns-is-layout-flex\">\n<div class=\"wp-block-column is-layout-flow wp-block-column-is-layout-flow\" style=\"flex-basis:320px\">\n<p class=\"has-text-color has-small-font-size\" style=\"color:#4a4d50;line-height:1.6\"><strong>Par\u00e9idolie<\/strong>  <\/p>\n\n\n\n<p class=\"has-small-font-size\">Hier un rouge-gorge s&rsquo;est pos\u00e9 sur une branche non loin de moi. Il avait plein de chose \u00e0 dire&#8230;<\/p>\n\n\n\n<p class=\"has-small-font-size\">Je me souviens de ces instants o\u00f9 allong\u00e9e dans l&rsquo;herbe, j&rsquo;observais les nuages, leurs formes changeantes et mouvantes. L&rsquo;esprit s&rsquo;y prom\u00e8ne et y d\u00e9couvre les formes qui lui parlent. <\/p>\n\n\n\n<p class=\"has-small-font-size\">Regarder la nature et se laisser porter <\/p>\n\n\n\n<p class=\"has-small-font-size\">Cette toile comme une ode \u00e0 toutes mes pens\u00e9es en 2021. Une conversation int\u00e9rieure.<\/p>\n<\/div>\n<\/div>\n<\/div>\n<\/div>\n\n\n\n<div class=\"wp-block-buttons is-content-justification-center is-layout-flex wp-container-core-buttons-layout-2 wp-block-buttons-is-layout-flex\">\n<div class=\"wp-block-button\"><a class=\"wp-block-button__link has-white-color has-text-color has-background wp-element-button\" href=\"https:\/\/elisabethmasson.fr\/index.php\/sur-toile\/\" style=\"border-radius:0px;background-color:#d15151\">Sur toile<\/a><\/div>\n\n\n\n<div class=\"wp-block-button\"><a class=\"wp-block-button__link has-white-color has-text-color has-background wp-element-button\" href=\"https:\/\/elisabethmasson.fr\/index.php\/sur-papier\/\" style=\"border-radius:0px;background-color:#d15151\">Sur papier<\/a><\/div>\n<\/div>\n\n\n\n<div class=\"wp-block-columns is-layout-flex wp-container-core-columns-layout-6 wp-block-columns-is-layout-flex\"><\/div>\n","protected":false},"excerpt":{"rendered":"<p>Evasion S\u00e9rie de toile r\u00e9alis\u00e9e \u00e0 l&rsquo;Encre et \u00e0 la peinture \u00e0 l&rsquo;huile. Ces toiles sont des cheminements. L&rsquo;encre pos\u00e9e sur la toile laisse des traces et des effets qui ouvrent le chemin du pinceau. La pens\u00e9e et la r\u00eaverie le guide. On s&rsquo;\u00e9vade. La toile prend forme au fil du temps et comme la [&hellip;]<\/p>\n","protected":false},"author":1,"featured_media":0,"parent":0,"menu_order":0,"comment_status":"closed","ping_status":"closed","template":"","meta":{"footnotes":""},"yoast_head":"<!-- This site is optimized with the Yoast SEO plugin v21.7 - https:\/\/yoast.com\/wordpress\/plugins\/seo\/ -->\n<title>Portfolio - Elisabeth MASSON<\/title>\n<meta name=\"robots\" content=\"index, follow, max-snippet:-1, max-image-preview:large, max-video-preview:-1\" \/>\n<link rel=\"canonical\" href=\"https:\/\/elisabethmasson.fr\/index.php\/peintures\/\" \/>\n<meta property=\"og:locale\" content=\"fr_FR\" \/>\n<meta property=\"og:type\" content=\"article\" \/>\n<meta property=\"og:title\" content=\"Portfolio - Elisabeth MASSON\" \/>\n<meta property=\"og:description\" content=\"Evasion S\u00e9rie de toile r\u00e9alis\u00e9e \u00e0 l&rsquo;Encre et \u00e0 la peinture \u00e0 l&rsquo;huile. Ces toiles sont des cheminements. L&rsquo;encre pos\u00e9e sur la toile laisse des traces et des effets qui ouvrent le chemin du pinceau. La pens\u00e9e et la r\u00eaverie le guide. On s&rsquo;\u00e9vade. La toile prend forme au fil du temps et comme la [&hellip;]\" \/>\n<meta property=\"og:url\" content=\"https:\/\/elisabethmasson.fr\/index.php\/peintures\/\" \/>\n<meta property=\"og:site_name\" content=\"Elisabeth MASSON\" \/>\n<meta property=\"article:publisher\" content=\"https:\/\/www.facebook.com\/elisabethmassonpeinture\/\" \/>\n<meta property=\"article:modified_time\" content=\"2023-02-02T18:06:49+00:00\" \/>\n<meta property=\"og:image\" content=\"https:\/\/elisabethmasson.fr\/wp-content\/uploads\/2023\/02\/cropped-IMG_6601-scaled-1.jpeg\" \/>\n<meta name=\"twitter:card\" content=\"summary_large_image\" \/>\n<meta name=\"twitter:label1\" content=\"Dur\u00e9e de lecture estim\u00e9e\" \/>\n\t<meta name=\"twitter:data1\" content=\"2 minutes\" \/>\n<script type=\"application\/ld+json\" class=\"yoast-schema-graph\">{\"@context\":\"https:\/\/schema.org\",\"@graph\":[{\"@type\":\"WebPage\",\"@id\":\"https:\/\/elisabethmasson.fr\/index.php\/peintures\/\",\"url\":\"https:\/\/elisabethmasson.fr\/index.php\/peintures\/\",\"name\":\"Portfolio - Elisabeth MASSON\",\"isPartOf\":{\"@id\":\"https:\/\/elisabethmasson.fr\/#website\"},\"datePublished\":\"2018-07-21T18:31:36+00:00\",\"dateModified\":\"2023-02-02T18:06:49+00:00\",\"breadcrumb\":{\"@id\":\"https:\/\/elisabethmasson.fr\/index.php\/peintures\/#breadcrumb\"},\"inLanguage\":\"fr-FR\",\"potentialAction\":[{\"@type\":\"ReadAction\",\"target\":[\"https:\/\/elisabethmasson.fr\/index.php\/peintures\/\"]}]},{\"@type\":\"BreadcrumbList\",\"@id\":\"https:\/\/elisabethmasson.fr\/index.php\/peintures\/#breadcrumb\",\"itemListElement\":[{\"@type\":\"ListItem\",\"position\":1,\"name\":\"Accueil\",\"item\":\"https:\/\/elisabethmasson.fr\/\"},{\"@type\":\"ListItem\",\"position\":2,\"name\":\"Portfolio\"}]},{\"@type\":\"WebSite\",\"@id\":\"https:\/\/elisabethmasson.fr\/#website\",\"url\":\"https:\/\/elisabethmasson.fr\/\",\"name\":\"Elisabeth MASSON\",\"description\":\"Art\",\"potentialAction\":[{\"@type\":\"SearchAction\",\"target\":{\"@type\":\"EntryPoint\",\"urlTemplate\":\"https:\/\/elisabethmasson.fr\/?s={search_term_string}\"},\"query-input\":\"required name=search_term_string\"}],\"inLanguage\":\"fr-FR\"}]}<\/script>\n<!-- \/ Yoast SEO plugin. -->","yoast_head_json":{"title":"Portfolio - Elisabeth MASSON","robots":{"index":"index","follow":"follow","max-snippet":"max-snippet:-1","max-image-preview":"max-image-preview:large","max-video-preview":"max-video-preview:-1"},"canonical":"https:\/\/elisabethmasson.fr\/index.php\/peintures\/","og_locale":"fr_FR","og_type":"article","og_title":"Portfolio - Elisabeth MASSON","og_description":"Evasion S\u00e9rie de toile r\u00e9alis\u00e9e \u00e0 l&rsquo;Encre et \u00e0 la peinture \u00e0 l&rsquo;huile. Ces toiles sont des cheminements. L&rsquo;encre pos\u00e9e sur la toile laisse des traces et des effets qui ouvrent le chemin du pinceau. La pens\u00e9e et la r\u00eaverie le guide. On s&rsquo;\u00e9vade. La toile prend forme au fil du temps et comme la [&hellip;]","og_url":"https:\/\/elisabethmasson.fr\/index.php\/peintures\/","og_site_name":"Elisabeth MASSON","article_publisher":"https:\/\/www.facebook.com\/elisabethmassonpeinture\/","article_modified_time":"2023-02-02T18:06:49+00:00","og_image":[{"url":"https:\/\/elisabethmasson.fr\/wp-content\/uploads\/2023\/02\/cropped-IMG_6601-scaled-1.jpeg"}],"twitter_card":"summary_large_image","twitter_misc":{"Dur\u00e9e de lecture estim\u00e9e":"2 minutes"},"schema":{"@context":"https:\/\/schema.org","@graph":[{"@type":"WebPage","@id":"https:\/\/elisabethmasson.fr\/index.php\/peintures\/","url":"https:\/\/elisabethmasson.fr\/index.php\/peintures\/","name":"Portfolio - Elisabeth MASSON","isPartOf":{"@id":"https:\/\/elisabethmasson.fr\/#website"},"datePublished":"2018-07-21T18:31:36+00:00","dateModified":"2023-02-02T18:06:49+00:00","breadcrumb":{"@id":"https:\/\/elisabethmasson.fr\/index.php\/peintures\/#breadcrumb"},"inLanguage":"fr-FR","potentialAction":[{"@type":"ReadAction","target":["https:\/\/elisabethmasson.fr\/index.php\/peintures\/"]}]},{"@type":"BreadcrumbList","@id":"https:\/\/elisabethmasson.fr\/index.php\/peintures\/#breadcrumb","itemListElement":[{"@type":"ListItem","position":1,"name":"Accueil","item":"https:\/\/elisabethmasson.fr\/"},{"@type":"ListItem","position":2,"name":"Portfolio"}]},{"@type":"WebSite","@id":"https:\/\/elisabethmasson.fr\/#website","url":"https:\/\/elisabethmasson.fr\/","name":"Elisabeth MASSON","description":"Art","potentialAction":[{"@type":"SearchAction","target":{"@type":"EntryPoint","urlTemplate":"https:\/\/elisabethmasson.fr\/?s={search_term_string}"},"query-input":"required name=search_term_string"}],"inLanguage":"fr-FR"}]}},"_links":{"self":[{"href":"https:\/\/elisabethmasson.fr\/index.php\/wp-json\/wp\/v2\/pages\/253"}],"collection":[{"href":"https:\/\/elisabethmasson.fr\/index.php\/wp-json\/wp\/v2\/pages"}],"about":[{"href":"https:\/\/elisabethmasson.fr\/index.php\/wp-json\/wp\/v2\/types\/page"}],"author":[{"embeddable":true,"href":"https:\/\/elisabethmasson.fr\/index.php\/wp-json\/wp\/v2\/users\/1"}],"replies":[{"embeddable":true,"href":"https:\/\/elisabethmasson.fr\/index.php\/wp-json\/wp\/v2\/comments?post=253"}],"version-history":[{"count":16,"href":"https:\/\/elisabethmasson.fr\/index.php\/wp-json\/wp\/v2\/pages\/253\/revisions"}],"predecessor-version":[{"id":1048,"href":"https:\/\/elisabethmasson.fr\/index.php\/wp-json\/wp\/v2\/pages\/253\/revisions\/1048"}],"wp:attachment":[{"href":"https:\/\/elisabethmasson.fr\/index.php\/wp-json\/wp\/v2\/media?parent=253"}],"curies":[{"name":"wp","href":"https:\/\/api.w.org\/{rel}","templated":true}]}}